{"id":3108,"date":"2024-08-12T12:04:40","date_gmt":"2024-08-12T10:04:40","guid":{"rendered":"https:\/\/mariofernandezsa.es\/?page_id=3108"},"modified":"2024-08-12T12:50:57","modified_gmt":"2024-08-12T10:50:57","slug":"aviso-legal","status":"publish","type":"page","link":"https:\/\/mariofernandezsa.es\/en\/aviso-legal\/","title":{"rendered":"Aviso Legal"},"content":{"rendered":"<p>[et_pb_section fb_built=\u00bb1&#8243; admin_label=\u00bb Get a Quote\u00bb _builder_version=\u00bb4.16&#8243; custom_padding=\u00bb|||\u00bb animation_style=\u00bbslide\u00bb animation_direction=\u00bbtop\u00bb animation_intensity_slide=\u00bb10%\u00bb box_shadow_style=\u00bbpreset3&#8243; box_shadow_vertical=\u00bb10px\u00bb box_shadow_blur=\u00bb105px\u00bb box_shadow_spread=\u00bb0px\u00bb box_shadow_color=\u00bbrgba(0,0,0,0.12)\u00bb global_colors_info=\u00bb{}\u00bb][et_pb_row _builder_version=\u00bb4.16&#8243; global_colors_info=\u00bb{}\u00bb][et_pb_column type=\u00bb4_4&#8243; _builder_version=\u00bb4.16&#8243; custom_padding=\u00bb|||\u00bb global_colors_info=\u00bb{}\u00bb custom_padding__hover=\u00bb|||\u00bb][et_pb_text _builder_version=\u00bb4.22.1&#8243; text_font=\u00bb||||||||\u00bb header_font=\u00bbRubik|700|||||||\u00bb header_text_color=\u00bb#10113d\u00bb header_font_size=\u00bb41px\u00bb header_line_height=\u00bb1.1em\u00bb text_orientation=\u00bbcenter\u00bb background_layout=\u00bbdark\u00bb max_width=\u00bb800px\u00bb module_alignment=\u00bbcenter\u00bb custom_margin=\u00bb||0px|\u00bb custom_padding=\u00bb|||16px\u00bb text_font_size_tablet=\u00bb14px\u00bb text_font_size_last_edited=\u00bboff|desktop\u00bb header_font_size_tablet=\u00bb44px\u00bb header_font_size_phone=\u00bb32px\u00bb header_font_size_last_edited=\u00bbon|phone\u00bb global_colors_info=\u00bb{}\u00bb]<\/p>\n<h1>Aviso Legal<\/h1>\n<p>[\/et_pb_text][et_pb_divider color=\u00bb#ffb400&#8243; divider_position=\u00bbcenter\u00bb divider_weight=\u00bb5px\u00bb _builder_version=\u00bb4.16&#8243; max_width=\u00bb50px\u00bb module_alignment=\u00bbcenter\u00bb locked=\u00bboff\u00bb global_colors_info=\u00bb{}\u00bb][\/et_pb_divider][\/et_pb_column][\/et_pb_row][et_pb_row _builder_version=\u00bb4.22.1&#8243; _module_preset=\u00bbdefault\u00bb global_colors_info=\u00bb{}\u00bb][et_pb_column type=\u00bb4_4&#8243; _builder_version=\u00bb4.22.1&#8243; _module_preset=\u00bbdefault\u00bb global_colors_info=\u00bb{}\u00bb][et_pb_text _builder_version=\u00bb4.22.1&#8243; _module_preset=\u00bbdefault\u00bb global_colors_info=\u00bb{}\u00bb]<\/p>\n<p><strong>CL\u00c1USULA DE INFORMACI\u00d3N GENERAL PARA DAR CUMPLIMIENTO AL ART\u00cdCULO 10 DE LA LEY 34\/2002 DE SERVICIOS DE LA SOCIEDAD DE LA INFORMACI\u00d3N Y EL COMERCIO ELECTR\u00d3NICO<\/strong><\/p>\n<p>En cumplimiento de lo establecido en el art\u00edculo 9 y 10 de la Ley 34\/2002, de 11 de julio, de Servicios de la Sociedad de la Informaci\u00f3n y de Comercio Electr\u00f3nico, Mario Fern\u00e1ndez S.A, pone en su conocimiento los siguientes datos identificativos de la sociedad, en su calidad de prestador de servicios de la sociedad de la informaci\u00f3n:<\/p>\n<p><strong>Nombre:<\/strong> Mario Fern\u00e1ndez S.A<\/p>\n<p><strong>Domicilio:<\/strong> <span>Carretera Valle 4, 34240, Baltan\u00e1s, Palencia.<\/span><\/p>\n<p><strong>CIF:<\/strong> A3<span>4033159<\/span><\/p>\n<p><strong>Tel\u00e9fono:<\/strong> 979 790 129<\/p>\n<p><strong>Email:<\/strong> <a href=\"mailto:baltanas@mariofernandezsa.es\">baltanas@mariofernandezsa.es<\/a><\/p>\n<p><strong>LEGISLACI\u00d3N<\/strong><\/p>\n<p>Con car\u00e1cter general las relaciones entre Mario Fern\u00e1ndez S.A con los Usuarios de sus servicios telem\u00e1ticos, presentes en este sitio web, se encuentran sometidas a la legislaci\u00f3n y jurisdicci\u00f3n espa\u00f1olas.<\/p>\n<p><strong>OBJETO DE LOS SERVICIOS OFRECIDOS<\/strong><\/p>\n<p>Mario Fern\u00e1ndez S.A. es una entidad mercantil cuya actividad principal consiste, entre otras, en la venta de materiales de construcci\u00f3n.<\/p>\n<p><strong>USO Y ACCESO DE USUARIOS<\/strong><\/p>\n<p>El Usuario queda informado, y acepta, que el acceso a la presente web no supone, en modo alguno, el inicio de una relaci\u00f3n comercial con Mario Fern\u00e1ndez S.A. o cualquiera de sus delegaciones.<\/p>\n<p><strong>CONDICIONES GENERALES DE USO<\/strong><\/p>\n<p>Mario Fern\u00e1ndez S.A. se reserva el derecho a actualizar, modificar o eliminar la informaci\u00f3n contenida en sus p\u00e1ginas web pudiendo incluso limitar o no permitir el acceso a dicha informaci\u00f3n a ciertos usuarios.<\/p>\n<p>Mario Fern\u00e1ndez S.A. no asume responsabilidad alguna por la informaci\u00f3n contenida en p\u00e1ginas web de terceros a las que se pueda acceder por \u201clinks\u201d o enlaces desde cualquier p\u00e1gina web propiedad de Mario Fern\u00e1ndez S.A. La presencia de \u201clinks\u201d o enlaces en las p\u00e1ginas web de Mario Fern\u00e1ndez S.A. tiene finalidad meramente informativa y en ning\u00fan caso supone sugerencia, invitaci\u00f3n o recomendaci\u00f3n sobre los mismos.<\/p>\n<p><strong>PROPIEDAD INTELECTUAL E INDUSTRIAL<\/strong><\/p>\n<p>Los derechos de propiedad intelectual del contenido de las p\u00e1ginas web, su dise\u00f1o gr\u00e1fico y c\u00f3digos son titularidad de Mario Fern\u00e1ndez S.A y, por tanto, queda prohibida su reproducci\u00f3n, distribuci\u00f3n, comunicaci\u00f3n p\u00fablica, transformaci\u00f3n o cualquier otra actividad que se pueda realizar con los contenidos de sus p\u00e1ginas web ni aun citando las fuentes, salvo consentimiento por escrito de Mario Fern\u00e1ndez S.A.<\/p>\n<p><strong>PROTECCI\u00d3N DE DATOS<\/strong><\/p>\n<p>De conformidad con lo dispuesto por el Reglamento (UE) 2016\/679 del Parlamento Europeo y del Consejo de 27 de abril, relativo a la protecci\u00f3n de las personas f\u00edsicas en lo que respecta al tratamiento de datos personales y a la libre circulaci\u00f3n de estos datos y por el que se deroga la Directiva 95\/46\/CE (Reglamento General de Protecci\u00f3n de Datos \u2013 RGPD), todos los datos de car\u00e1cter personal facilitados durante la utilizaci\u00f3n del sitio web ser\u00e1n tratados de conformidad con los dispuesto en la Pol\u00edtica de Privacidad\u00a0que todo usuario debe aceptar expresamente para poder utilizar y registrarse en el sistema.<\/p>\n<p>Todo usuario que acepte las presentes condiciones de uso acepta de forma informada, expresa e inequ\u00edvoca nuestra Pol\u00edtica de Privacidad, asisti\u00e9ndole en este sentido los derechos de acceso, rectificaci\u00f3n, supresi\u00f3n, oposici\u00f3n, limitaci\u00f3n del tratamiento y, cuando legalmente proceda, portabilidad, respecto a sus datos de car\u00e1cter personal, pudiendo ejercerlos seg\u00fan se informa en la mencionada Pol\u00edtica de Privacidad.<\/p>\n<p><strong>EXCLUSI\u00d3N DE GARANT\u00cdAS Y RESPONSABILIDAD<\/strong><\/p>\n<p>Mario Fern\u00e1ndez S.A. no otorga ninguna garant\u00eda ni se hace responsable, en ning\u00fan caso, de los da\u00f1os y perjuicios de cualquier naturaleza que pudieran conllevar a causa de:<\/p>\n<p>-La falta disponibilidad, mantenimiento y efectivo funcionamiento del Web y\/o de sus servicios o contenidos<\/p>\n<p>-La falta de utilidad, adecuaci\u00f3n o validez del Web y\/o de sus servicios o contenidos para satisfacer necesidades, actividades o resultados concretos o expectativas de los usuarios.<\/p>\n<p>-La recepci\u00f3n, obtenci\u00f3n, almacenamiento, difusi\u00f3n o transmisi\u00f3n, por parte de otros usuarios, de los contenidos.<\/p>\n<p>-El uso il\u00edcito, negligente, fraudulento, contrario a las presentes Condiciones Generales, a la buena fe, a los usos generalmente aceptados o al orden p\u00fablico, del Web, sus servicios o contenidos, por parte de los usuarios<\/p>\n<p>-La falta de licitud, calidad, fiabilidad, utilidad y disponibilidad de los servicios prestados por terceros y puestos a disposici\u00f3n de los usuarios en el Web.<\/p>\n<p><strong>VIGENCIA DE LAS CONDICIONES DE USO<\/strong><\/p>\n<p>Las Condiciones de Uso para el uso de esta web tienen car\u00e1cter indefinido y permanecer\u00e1n vigentes mientras el portal est\u00e9 activo. El usuario reconoce haber le\u00eddo las presentes Condiciones y presta su conformidad con las mismas.<\/p>\n<p>El Usuario queda informado, y acepta, que el acceso a la presente web no supone, en modo alguno, el inicio de una relaci\u00f3n comercial con Mario Fern\u00e1ndez S.A. o cualquiera de sus delegaciones.<\/p>\n<p><strong>POL\u00cdTICA DE COOKIES<\/strong><\/p>\n<p>Mario Fern\u00e1ndez S.A., a trav\u00e9s del presente documento, recoge su Pol\u00edtica de recogida y tratamiento de cookies, en cumplimiento de lo dispuesto en el art\u00edculo 22.2 de la Ley 34\/2002, de 11 de julio, de Servicios de la Sociedad de la Informaci\u00f3n y de Comercio Electr\u00f3nico (LSSICE).<\/p>\n<p>Las cookies se almacenan en el equipo terminal del usuario (ordenador o dispositivo m\u00f3vil) y recopilan informaci\u00f3n al visitar la p\u00e1gina web <a href=\"https:\/\/mariofernandezsa.es\/en\/\">www.mariofernandezsa.es<\/a>, con la finalidad de mejorar la usabilidad de las mismas, conocer los h\u00e1bitos o necesidades de navegaci\u00f3n de los usuarios para poder adaptarse a los mismos, as\u00ed como obtener informaci\u00f3n con fines estad\u00edsticos. En el caso de aquellos usuarios que ya sean clientes de Mario Fern\u00e1ndez S.A., la informaci\u00f3n recabada con las cookies servir\u00e1 tambi\u00e9n para su identificaci\u00f3n al acceder a las distintas herramientas que Mario Fern\u00e1ndez S.A. pone a su disposici\u00f3n para la gesti\u00f3n de los servicios.<\/p>\n<p>La presente Pol\u00edtica de Cookies ser\u00e1 de aplicaci\u00f3n a aquellos usuarios que voluntariamente visitan las p\u00e1ginas web de Mario Fern\u00e1ndez S.A., cumplimentan formularios de recogida de datos, acceden a las herramientas que Mario Fern\u00e1ndez S.A., pone a disposici\u00f3n de sus clientes para gestionar sus servicios, o utilizan cualquier otro servicio presente en el sitio web que implique la comunicaci\u00f3n de datos a Mario Fern\u00e1ndez S.A., o el acceso a datos por Mario Fern\u00e1ndez S.A., para la prestaci\u00f3n de sus servicios.<\/p>\n<p>Mario Fern\u00e1ndez S.A., informa a los usuarios de sus p\u00e1ginas web, de la existencia de cookies y pone a su disposici\u00f3n la presente Pol\u00edtica con la finalidad de informarles acerca del uso y del objeto de las mismas. El hecho de continuar la navegaci\u00f3n a trav\u00e9s de sus p\u00e1ginas, supone el conocimiento y la aceptaci\u00f3n de la presente Pol\u00edtica por parte de dichos usuarios.<\/p>\n<p>Mario Fern\u00e1ndez S.A., utiliza los siguientes tipos de cookies:<\/p>\n<p><em><strong>Clasificadas por su titularidad:<\/strong><\/em><\/p>\n<p>* Cookies propias: enviadas y gestionadas directamente por Mario Fern\u00e1ndez S.A.,<\/p>\n<p>* Cookies de terceros: enviadas y gestionadas por un tercero ajeno a Mario Fern\u00e1ndez S.A, de forma an\u00f3nima, con la finalidad de realizar estudios estad\u00edsticos de navegaci\u00f3n por las p\u00e1ginas web de Mario Fern\u00e1ndez S.A.<\/p>\n<p><em><strong>Clasificadas por su finalidad:<\/strong><\/em><\/p>\n<p>* Cookies t\u00e9cnicas y\/o de personalizaci\u00f3n: facilitan la navegaci\u00f3n, al identificar la sesi\u00f3n, permitir el acceso a herramientas de acceso restringido, adem\u00e1s de configurar a medida las opciones disponibles. Posibilitan la prestaci\u00f3n del servicio solicitado previamente por el usuario.<\/p>\n<p>* Cookies de an\u00e1lisis y\/o publicidad: permiten conocer el n\u00famero de visitas recibidas en las diferentes secciones de las p\u00e1ginas web, los h\u00e1bitos y tendencias de sus usuarios y en consecuencia, poder mejorar la navegaci\u00f3n y el servicio ofrecido por Mario Fern\u00e1ndez S.A. (fundamentalmente, Google Analytics), as\u00ed como gestionar los espacios publicitarios incluidos en la p\u00e1gina web visitada por el usuario. Recopila datos de forma an\u00f3nima con la finalidad de obtener perfiles de navegaci\u00f3n de los usuarios.<\/p>\n<p><em><strong>Clasificadas por su duraci\u00f3n:<\/strong><\/em><\/p>\n<p>* Cookies de sesi\u00f3n: recaban y almacenan los datos mientras el usuario accede a la p\u00e1gina web.<\/p>\n<p>* Cookies persistentes: recaban y almacenan los datos en el terminal del usuario durante un periodo de tiempo variable en funci\u00f3n de cu\u00e1l sea la finalidad para la que han sido utilizadas.<\/p>\n<p>El tiempo de conservaci\u00f3n de las cookies depender\u00e1 del tipo de que se trate y siempre ser\u00e1 el m\u00ednimo indispensable para cumplir su finalidad.<\/p>\n<p><em>En cualquier caso, los usuarios pueden configurar su navegador, de manera que se deshabilite o bloquee la recepci\u00f3n de todas o algunas de las cookies. El hecho de no desear recibir estas cookies, no constituye un impedimento para poder acceder a la informaci\u00f3n de los sitios web de Mario Fern\u00e1ndez S.A. aunque el uso de algunos servicios podr\u00e1 ser limitado. Si una vez otorgado el consentimiento para la recepci\u00f3n de cookies, se desease retirar \u00e9ste, se deber\u00e1n eliminar aquellas almacenadas en el equipo del usuario, a trav\u00e9s de las opciones de los diferentes navegadores.<\/em><\/p>\n<p>Cl\u00e1usula RGPD para el cumplimiento del deber informativo y obtenci\u00f3n del consentimiento a trav\u00e9s de la web.<\/p>\n<p>[\/et_pb_text][\/et_pb_column][\/et_pb_row][\/et_pb_section][et_pb_section fb_built=\u00bb1&#8243; _builder_version=\u00bb4.22.1&#8243; _module_preset=\u00bbdefault\u00bb custom_margin=\u00bb-52px|||||\u00bb custom_padding=\u00bb||0px|||\u00bb global_colors_info=\u00bb{}\u00bb theme_builder_area=\u00bbpost_content\u00bb][et_pb_row _builder_version=\u00bb4.22.1&#8243; _module_preset=\u00bbdefault\u00bb global_colors_info=\u00bb{}\u00bb theme_builder_area=\u00bbpost_content\u00bb][et_pb_column type=\u00bb4_4&#8243; _builder_version=\u00bb4.22.1&#8243; _module_preset=\u00bbdefault\u00bb global_colors_info=\u00bb{}\u00bb theme_builder_area=\u00bbpost_content\u00bb][et_pb_image src=\u00bbhttps:\/\/mariofernandezsa.es\/wp-content\/uploads\/2024\/08\/Mesa-de-trabajo-1.png\u00bb title_text=\u00bbMesa de trabajo 1&#8243; _builder_version=\u00bb4.22.1&#8243; _module_preset=\u00bbdefault\u00bb global_colors_info=\u00bb{}\u00bb theme_builder_area=\u00bbpost_content\u00bb][\/et_pb_image][\/et_pb_column][\/et_pb_row][\/et_pb_section]<\/p>","protected":false},"excerpt":{"rendered":"<p>Aviso LegalCL\u00c1USULA DE INFORMACI\u00d3N GENERAL PARA DAR CUMPLIMIENTO AL ART\u00cdCULO 10 DE LA LEY 34\/2002 DE SERVICIOS DE LA SOCIEDAD DE LA INFORMACI\u00d3N Y EL COMERCIO ELECTR\u00d3NICO En cumplimiento de lo establecido en el art\u00edculo 9 y 10 de la Ley 34\/2002, de 11 de julio, de Servicios de la Sociedad de la Informaci\u00f3n y [&hellip;]<\/p>","protected":false},"author":1,"featured_media":0,"parent":0,"menu_order":0,"comment_status":"closed","ping_status":"closed","template":"","meta":{"_et_pb_use_builder":"on","_et_pb_old_content":"","_et_gb_content_width":"","footnotes":""},"class_list":["post-3108","page","type-page","status-publish","hentry"],"yoast_head":"<!-- This site is optimized with the Yoast SEO plugin v25.6 - https:\/\/yoast.com\/wordpress\/plugins\/seo\/ -->\n<title>Aviso Legal - Mario Fern\u00e1ndez<\/title>\n<meta name=\"robots\" content=\"index, follow, max-snippet:-1, max-image-preview:large, max-video-preview:-1\" \/>\n<link rel=\"canonical\" href=\"https:\/\/mariofernandezsa.es\/en\/aviso-legal\/\" \/>\n<meta property=\"og:locale\" content=\"en_GB\" \/>\n<meta property=\"og:type\" content=\"article\" \/>\n<meta property=\"og:title\" content=\"Aviso Legal - Mario Fern\u00e1ndez\" \/>\n<meta property=\"og:description\" content=\"Aviso LegalCL\u00c1USULA DE INFORMACI\u00d3N GENERAL PARA DAR CUMPLIMIENTO AL ART\u00cdCULO 10 DE LA LEY 34\/2002 DE SERVICIOS DE LA SOCIEDAD DE LA INFORMACI\u00d3N Y EL COMERCIO ELECTR\u00d3NICO En cumplimiento de lo establecido en el art\u00edculo 9 y 10 de la Ley 34\/2002, de 11 de julio, de Servicios de la Sociedad de la Informaci\u00f3n y [&hellip;]\" \/>\n<meta property=\"og:url\" content=\"https:\/\/mariofernandezsa.es\/en\/aviso-legal\/\" \/>\n<meta property=\"og:site_name\" content=\"Mario Fern\u00e1ndez\" \/>\n<meta property=\"article:modified_time\" content=\"2024-08-12T10:50:57+00:00\" \/>\n<meta name=\"twitter:card\" content=\"summary_large_image\" \/>\n<script type=\"application\/ld+json\" class=\"yoast-schema-graph\">{\"@context\":\"https:\/\/schema.org\",\"@graph\":[{\"@type\":\"WebPage\",\"@id\":\"https:\/\/mariofernandezsa.es\/aviso-legal\/\",\"url\":\"https:\/\/mariofernandezsa.es\/aviso-legal\/\",\"name\":\"Aviso Legal - Mario Fern\u00e1ndez\",\"isPartOf\":{\"@id\":\"https:\/\/mariofernandezsa.es\/#website\"},\"datePublished\":\"2024-08-12T10:04:40+00:00\",\"dateModified\":\"2024-08-12T10:50:57+00:00\",\"breadcrumb\":{\"@id\":\"https:\/\/mariofernandezsa.es\/aviso-legal\/#breadcrumb\"},\"inLanguage\":\"en-GB\",\"potentialAction\":[{\"@type\":\"ReadAction\",\"target\":[\"https:\/\/mariofernandezsa.es\/aviso-legal\/\"]}]},{\"@type\":\"BreadcrumbList\",\"@id\":\"https:\/\/mariofernandezsa.es\/aviso-legal\/#breadcrumb\",\"itemListElement\":[{\"@type\":\"ListItem\",\"position\":1,\"name\":\"Portada\",\"item\":\"https:\/\/mariofernandezsa.es\/\"},{\"@type\":\"ListItem\",\"position\":2,\"name\":\"Aviso Legal\"}]},{\"@type\":\"WebSite\",\"@id\":\"https:\/\/mariofernandezsa.es\/#website\",\"url\":\"https:\/\/mariofernandezsa.es\/\",\"name\":\"Mario Fern\u00e1ndez\",\"description\":\"Proveedor de materiales de construcci\u00f3n en Palencia y Baltan\u00e1s. Distribuidor oficial de Taugr\u00e9s, Gres de Arag\u00f3n, pavimentos. Facilidad de pago. Cabinas de hidromasaje, grifer\u00edas, muebles de ba\u00f1o, mamparas.\",\"potentialAction\":[{\"@type\":\"SearchAction\",\"target\":{\"@type\":\"EntryPoint\",\"urlTemplate\":\"https:\/\/mariofernandezsa.es\/?s={search_term_string}\"},\"query-input\":{\"@type\":\"PropertyValueSpecification\",\"valueRequired\":true,\"valueName\":\"search_term_string\"}}],\"inLanguage\":\"en-GB\"}]}<\/script>\n<!-- \/ Yoast SEO plugin. -->","yoast_head_json":{"title":"Aviso Legal - Mario Fern\u00e1ndez","robots":{"index":"index","follow":"follow","max-snippet":"max-snippet:-1","max-image-preview":"max-image-preview:large","max-video-preview":"max-video-preview:-1"},"canonical":"https:\/\/mariofernandezsa.es\/en\/aviso-legal\/","og_locale":"en_GB","og_type":"article","og_title":"Aviso Legal - Mario Fern\u00e1ndez","og_description":"Aviso LegalCL\u00c1USULA DE INFORMACI\u00d3N GENERAL PARA DAR CUMPLIMIENTO AL ART\u00cdCULO 10 DE LA LEY 34\/2002 DE SERVICIOS DE LA SOCIEDAD DE LA INFORMACI\u00d3N Y EL COMERCIO ELECTR\u00d3NICO En cumplimiento de lo establecido en el art\u00edculo 9 y 10 de la Ley 34\/2002, de 11 de julio, de Servicios de la Sociedad de la Informaci\u00f3n y [&hellip;]","og_url":"https:\/\/mariofernandezsa.es\/en\/aviso-legal\/","og_site_name":"Mario Fern\u00e1ndez","article_modified_time":"2024-08-12T10:50:57+00:00","twitter_card":"summary_large_image","schema":{"@context":"https:\/\/schema.org","@graph":[{"@type":"WebPage","@id":"https:\/\/mariofernandezsa.es\/aviso-legal\/","url":"https:\/\/mariofernandezsa.es\/aviso-legal\/","name":"Aviso Legal - Mario Fern\u00e1ndez","isPartOf":{"@id":"https:\/\/mariofernandezsa.es\/#website"},"datePublished":"2024-08-12T10:04:40+00:00","dateModified":"2024-08-12T10:50:57+00:00","breadcrumb":{"@id":"https:\/\/mariofernandezsa.es\/aviso-legal\/#breadcrumb"},"inLanguage":"en-GB","potentialAction":[{"@type":"ReadAction","target":["https:\/\/mariofernandezsa.es\/aviso-legal\/"]}]},{"@type":"BreadcrumbList","@id":"https:\/\/mariofernandezsa.es\/aviso-legal\/#breadcrumb","itemListElement":[{"@type":"ListItem","position":1,"name":"Portada","item":"https:\/\/mariofernandezsa.es\/"},{"@type":"ListItem","position":2,"name":"Aviso Legal"}]},{"@type":"WebSite","@id":"https:\/\/mariofernandezsa.es\/#website","url":"https:\/\/mariofernandezsa.es\/","name":"Mario Fern\u00e1ndez","description":"Proveedor de materiales de construcci\u00f3n en Palencia y Baltan\u00e1s. Distribuidor oficial de Taugr\u00e9s, Gres de Arag\u00f3n, pavimentos. Facilidad de pago. Cabinas de hidromasaje, grifer\u00edas, muebles de ba\u00f1o, mamparas.","potentialAction":[{"@type":"SearchAction","target":{"@type":"EntryPoint","urlTemplate":"https:\/\/mariofernandezsa.es\/?s={search_term_string}"},"query-input":{"@type":"PropertyValueSpecification","valueRequired":true,"valueName":"search_term_string"}}],"inLanguage":"en-GB"}]}},"_links":{"self":[{"href":"https:\/\/mariofernandezsa.es\/en\/wp-json\/wp\/v2\/pages\/3108","targetHints":{"allow":["GET"]}}],"collection":[{"href":"https:\/\/mariofernandezsa.es\/en\/wp-json\/wp\/v2\/pages"}],"about":[{"href":"https:\/\/mariofernandezsa.es\/en\/wp-json\/wp\/v2\/types\/page"}],"author":[{"embeddable":true,"href":"https:\/\/mariofernandezsa.es\/en\/wp-json\/wp\/v2\/users\/1"}],"replies":[{"embeddable":true,"href":"https:\/\/mariofernandezsa.es\/en\/wp-json\/wp\/v2\/comments?post=3108"}],"version-history":[{"count":0,"href":"https:\/\/mariofernandezsa.es\/en\/wp-json\/wp\/v2\/pages\/3108\/revisions"}],"wp:attachment":[{"href":"https:\/\/mariofernandezsa.es\/en\/wp-json\/wp\/v2\/media?parent=3108"}],"curies":[{"name":"wp","href":"https:\/\/api.w.org\/{rel}","templated":true}]}}